{"id":8593,"date":"2017-03-08T10:16:16","date_gmt":"2017-03-08T09:16:16","guid":{"rendered":"http:\/\/www.skolo.org\/?page_id=8593\/"},"modified":"2017-03-08T10:52:02","modified_gmt":"2017-03-08T09:52:02","slug":"reflexions-generales-sur-leducation","status":"publish","type":"page","link":"https:\/\/blog.skolo.org\/CM\/index.php\/themes\/reflexions-generales-sur-leducation\/","title":{"rendered":"R\u00e9flexions g\u00e9n\u00e9rales sur l&#8217;\u00e9ducation"},"content":{"rendered":"<p>[vc_row][vc_column][vc_column_text]<\/p>\n<h2><strong>R\u00e9flexions g\u00e9n\u00e9rales sur l&#8217;\u00e9ducation :<\/strong><\/h2>\n<h2 style=\"padding-left: 60px;\">[categories child_of=893 hide_empty=1 hide_title_if_empty=true title_li=&#8221; ]<\/h2>\n<hr \/>\n<p>[\/vc_column_text][\/vc_column][\/vc_row][vc_row][vc_column][td_block_21 custom_title=&#8221;&#8221; category_id=&#8221;893&#8243; limit=&#8221;10&#8243; ajax_pagination=&#8221;next_prev&#8221;][\/vc_column][\/vc_row]<\/p>\n","protected":false},"excerpt":{"rendered":"<p>[vc_row][vc_column][vc_column_text] R\u00e9flexions g\u00e9n\u00e9rales sur l&#8217;\u00e9ducation : [categories child_of=893 hide_empty=1 hide_title_if_empty=true title_li=&#8221; ] [\/vc_column_text][\/vc_column][\/vc_row][vc_row][vc_column][td_block_21 custom_title=&#8221;&#8221; category_id=&#8221;893&#8243; limit=&#8221;10&#8243; ajax_pagination=&#8221;next_prev&#8221;][\/vc_column][\/vc_row]<\/p>\n","protected":false},"author":4,"featured_media":0,"parent":6088,"menu_order":0,"comment_status":"closed","ping_status":"closed","template":"","meta":{"footnotes":""},"class_list":["post-8593","page","type-page","status-publish","hentry"],"_links":{"self":[{"href":"https:\/\/blog.skolo.org\/CM\/index.php\/wp-json\/wp\/v2\/pages\/8593","targetHints":{"allow":["GET"]}}],"collection":[{"href":"https:\/\/blog.skolo.org\/CM\/index.php\/wp-json\/wp\/v2\/pages"}],"about":[{"href":"https:\/\/blog.skolo.org\/CM\/index.php\/wp-json\/wp\/v2\/types\/page"}],"author":[{"embeddable":true,"href":"https:\/\/blog.skolo.org\/CM\/index.php\/wp-json\/wp\/v2\/users\/4"}],"replies":[{"embeddable":true,"href":"https:\/\/blog.skolo.org\/CM\/index.php\/wp-json\/wp\/v2\/comments?post=8593"}],"version-history":[{"count":0,"href":"https:\/\/blog.skolo.org\/CM\/index.php\/wp-json\/wp\/v2\/pages\/8593\/revisions"}],"up":[{"embeddable":true,"href":"https:\/\/blog.skolo.org\/CM\/index.php\/wp-json\/wp\/v2\/pages\/6088"}],"wp:attachment":[{"href":"https:\/\/blog.skolo.org\/CM\/index.php\/wp-json\/wp\/v2\/media?parent=8593"}],"curies":[{"name":"wp","href":"https:\/\/api.w.org\/{rel}","templated":true}]}}