{"id":8086,"date":"2017-02-27T11:24:44","date_gmt":"2017-02-27T10:24:44","guid":{"rendered":"http:\/\/www.skolo.org\/CM\/?page_id=8086\/"},"modified":"2021-10-03T07:15:21","modified_gmt":"2021-10-03T06:15:21","slug":"star-effet-du-nombre-deleves-par-classe","status":"publish","type":"page","link":"https:\/\/blog.skolo.org\/CM\/index.php\/dossiers\/star-effet-du-nombre-deleves-par-classe\/","title":{"rendered":"STAR : effet du nombre d&#8217;\u00e9l\u00e8ves par classe"},"content":{"rendered":"<p>[vc_row][vc_column width=&#8221;2\/3&#8243;][vc_column_text]On entend souvent affirmer que le nombre d&#8217;\u00e9l\u00e8ves par classe ne serait pas un facteur important dans la qu\u00eate d&#8217;un enseignement de qualit\u00e9 et d\u00e9mocratique. Cette th\u00e8se est r\u00e9p\u00e9t\u00e9e \u00e0 l&#8217;envi par les \u00e9conomistes \u00e0 la solde des politiques d&#8217;aust\u00e9rit\u00e9 et par certains p\u00e9dagogues qui pr\u00e9f\u00e8rent qu&#8217;on focalise l&#8217;attention sur les pratiques d&#8217;enseignement. A l&#8217;inverse, le plaidoyer du monde syndical en faveur de petites classes est parfois davantage motiv\u00e9 par la volont\u00e9 de promouvoir l&#8217;emploi et les conditions de travail des enseignants qu&#8217;\u00e9tay\u00e9 par de solides arguments sur la qualit\u00e9 de l&#8217;enseignement. Alors, finalement, qu&#8217;en est-il r\u00e9ellement de l&#8217;effet de la taille des classes ? Il se trouve que la recherche scientifique apporte une r\u00e9ponse claire ![\/vc_column_text][td_block_1 custom_title=&#8221;Principaux articles sur la taille des classes&#8221; post_ids=&#8221;101, 8090, 16176, 1867,2121&#8243;][td_block_text_with_title custom_title=&#8221;Vid\u00e9o&#8221;]Dans ce webinaire (14\/01\/2021), Jean-Pierre Kerckhofs fait le point sur l&#8217;importance du nombre d&#8217;\u00e9l\u00e8ves par classe. Passant en revue quelques \u00e9l\u00e9ments essentiels de la litt\u00e9rature scientifique,\u00a0 Jean-Pierre a montr\u00e9 qu\u2019il s\u2019agissait l\u00e0 d\u2019un facteur pour am\u00e9liorer la qualit\u00e9 et, surtout, l\u2019\u00e9quit\u00e9 de notre enseignement, particuli\u00e8rement dans les toutes premi\u00e8res ann\u00e9es de scolarit\u00e9.[\/td_block_text_with_title][vc_video link=&#8221;https:\/\/www.youtube.com\/watch?v=8ZZ0qhAjIK4&#8243;][td_block_12 custom_title=&#8221;DIAPORAMA&#8221; post_ids=&#8221;8096&#8243;][\/vc_column][vc_column width=&#8221;1\/3&#8243;][td_block_text_with_title custom_title=&#8221;R\u00e9f\u00e9rences&#8221; tdc_css=&#8221;&#8221;]Un peu de litt\u00e9rature scientifique \u00e0 propos de l&#8217;impact du nombre d&#8217;\u00e9l\u00e8ves par classe et de l&#8217;\u00e9tude STAR en particulier.<\/p>\n<p><a href=\"http:\/\/www.nber.org\/papers\/w7656\">The Effect of Attending a Small Class in the Early Grades on College-Test Taking and Middle School Test Results: Evidence from Project STAR<\/a><br \/>\nAlan Krueger, Diane Whitmore<\/p>\n<p><a href=\"http:\/\/www.princeton.edu\/futureofchildren\/publications\/docs\/05_02_08.pdf\">The Tennessee Study of Class Size in the Early School Grades, Frederick Mosteller<\/a> : un bon article de synth\u00e8se<\/p>\n<p>Un article de l&#8217;American Federation of Techers : <a href=\"https:\/\/www.aft.org\/sites\/default\/files\/periodicals\/STARSummer99.pdf\">The Story of the Tennessee Class-Size Study<\/a><\/p>\n<p><a href=\"http:\/\/www.ladocumentationfrancaise.fr\/var\/storage\/rapports-publics\/024000197.pdf\">Les recherches sur la re\u0301duction de la taille des classes <\/a>, Denis Meuret, Universite\u0301 de Bourgogne, IREDU<\/p>\n<p>Importante <a href=\"https:\/\/dataverse.harvard.edu\/dataset.xhtml?persistentId=hdl:1902.1\/10766\">source documentaire concernant l&#8217;\u00e9tude STAR <\/a>(en anglais) y-compris les fichiers de donn\u00e9es.<\/p>\n<p>Le <a href=\"https:\/\/www.classsizematters.org\/wp-content\/uploads\/2016\/09\/STAR-Technical-Report-Part-I.pdf\">rapport technique <\/a>sur l&#8217;\u00e9tude STAR[\/td_block_text_with_title][\/vc_column][\/vc_row]<\/p>\n","protected":false},"excerpt":{"rendered":"<p>[vc_row][vc_column width=&#8221;2\/3&#8243;][vc_column_text]On entend souvent affirmer que le nombre d&#8217;\u00e9l\u00e8ves par classe ne serait pas un facteur important dans la qu\u00eate d&#8217;un enseignement de qualit\u00e9 et d\u00e9mocratique. Cette th\u00e8se est r\u00e9p\u00e9t\u00e9e \u00e0 l&#8217;envi par les \u00e9conomistes \u00e0 la solde des politiques d&#8217;aust\u00e9rit\u00e9 et par certains p\u00e9dagogues qui pr\u00e9f\u00e8rent qu&#8217;on focalise l&#8217;attention sur les pratiques d&#8217;enseignement. A [&hellip;]<\/p>\n","protected":false},"author":4,"featured_media":0,"parent":6500,"menu_order":2,"comment_status":"closed","ping_status":"closed","template":"","meta":{"footnotes":""},"class_list":["post-8086","page","type-page","status-publish","hentry"],"_links":{"self":[{"href":"https:\/\/blog.skolo.org\/CM\/index.php\/wp-json\/wp\/v2\/pages\/8086","targetHints":{"allow":["GET"]}}],"collection":[{"href":"https:\/\/blog.skolo.org\/CM\/index.php\/wp-json\/wp\/v2\/pages"}],"about":[{"href":"https:\/\/blog.skolo.org\/CM\/index.php\/wp-json\/wp\/v2\/types\/page"}],"author":[{"embeddable":true,"href":"https:\/\/blog.skolo.org\/CM\/index.php\/wp-json\/wp\/v2\/users\/4"}],"replies":[{"embeddable":true,"href":"https:\/\/blog.skolo.org\/CM\/index.php\/wp-json\/wp\/v2\/comments?post=8086"}],"version-history":[{"count":0,"href":"https:\/\/blog.skolo.org\/CM\/index.php\/wp-json\/wp\/v2\/pages\/8086\/revisions"}],"up":[{"embeddable":true,"href":"https:\/\/blog.skolo.org\/CM\/index.php\/wp-json\/wp\/v2\/pages\/6500"}],"wp:attachment":[{"href":"https:\/\/blog.skolo.org\/CM\/index.php\/wp-json\/wp\/v2\/media?parent=8086"}],"curies":[{"name":"wp","href":"https:\/\/api.w.org\/{rel}","templated":true}]}}