{"id":7667,"date":"2017-02-21T16:28:41","date_gmt":"2017-02-21T15:28:41","guid":{"rendered":"http:\/\/www.skolo.org\/CM\/?page_id=7667\/"},"modified":"2024-03-05T16:30:22","modified_gmt":"2024-03-05T15:30:22","slug":"marchandisation-de-lenseignement","status":"publish","type":"page","link":"https:\/\/blog.skolo.org\/CM\/index.php\/dossiers\/marchandisation-de-lenseignement\/","title":{"rendered":"Marchandisation de l&#8217;enseignement"},"content":{"rendered":"<p>[vc_row][vc_column width=&#8221;2\/3&#8243;][vc_column_text]Avec l&#8217;entr\u00e9e du capitalisme dans l&#8217;\u00e8re de la globalisation et des crises \u00e0 r\u00e9p\u00e9tition, l&#8217;\u00e9cole, elle, est entr\u00e9e dans l&#8217;\u00e8re de la marchandisation. Une triple marchandisation, en r\u00e9alit\u00e9 : primo, sa conqu\u00eate par les march\u00e9s ; secundo, son utilisation aux fins de stimuler les march\u00e9s ; tertio (et surtout) l&#8217;adaptation de ses structures, de ses contenus, de ses pratiques, aux fins de r\u00e9pondre aux attentes du march\u00e9 du travail. Concr\u00e8tement, tout cela se traduit par le glissement des savoirs vers les comp\u00e9tences, par le mise en comp\u00e9tition des syst\u00e8mes \u00e9ducatifs, des \u00e9coles, des enseignants et des \u00e9l\u00e8ves, par l&#8217;introduction de techniques manag\u00e9riales import\u00e9es du secteur priv\u00e9, etc.<\/p>\n<p>Certains des articles propos\u00e9s ici sont d\u00e9j\u00e0 anciens, mais leur analyse reste cruellement d&#8217;actualit\u00e9.[\/vc_column_text][td_block_4 custom_title=&#8221;NOS ARTICLES PRINCIPAUX&#8221; post_ids=&#8221;20142, 10096, 20150, 20153, 17800, 20157, 632, 296, 65&#8243; limit=&#8221;10&#8243;][\/vc_column][vc_column width=&#8221;1\/3&#8243;][td_block_7 custom_title=&#8221;MEDIAS&#8221; post_ids=&#8221;2341&#8243; tdc_css=&#8221;&#8221;][td_block_7 custom_title=&#8221;A lire \u00e9galement&#8221; post_ids=&#8221;5494,361,324,234,52&#8243; limit=&#8221;8&#8243; tdc_css=&#8221;&#8221;][\/vc_column][\/vc_row]<\/p>\n","protected":false},"excerpt":{"rendered":"<p>[vc_row][vc_column width=&#8221;2\/3&#8243;][vc_column_text]Avec l&#8217;entr\u00e9e du capitalisme dans l&#8217;\u00e8re de la globalisation et des crises \u00e0 r\u00e9p\u00e9tition, l&#8217;\u00e9cole, elle, est entr\u00e9e dans l&#8217;\u00e8re de la marchandisation. Une triple marchandisation, en r\u00e9alit\u00e9 : primo, sa conqu\u00eate par les march\u00e9s ; secundo, son utilisation aux fins de stimuler les march\u00e9s ; tertio (et surtout) l&#8217;adaptation de ses structures, de [&hellip;]<\/p>\n","protected":false},"author":4,"featured_media":0,"parent":6500,"menu_order":0,"comment_status":"closed","ping_status":"closed","template":"","meta":{"footnotes":""},"class_list":["post-7667","page","type-page","status-publish","hentry"],"_links":{"self":[{"href":"https:\/\/blog.skolo.org\/CM\/index.php\/wp-json\/wp\/v2\/pages\/7667","targetHints":{"allow":["GET"]}}],"collection":[{"href":"https:\/\/blog.skolo.org\/CM\/index.php\/wp-json\/wp\/v2\/pages"}],"about":[{"href":"https:\/\/blog.skolo.org\/CM\/index.php\/wp-json\/wp\/v2\/types\/page"}],"author":[{"embeddable":true,"href":"https:\/\/blog.skolo.org\/CM\/index.php\/wp-json\/wp\/v2\/users\/4"}],"replies":[{"embeddable":true,"href":"https:\/\/blog.skolo.org\/CM\/index.php\/wp-json\/wp\/v2\/comments?post=7667"}],"version-history":[{"count":0,"href":"https:\/\/blog.skolo.org\/CM\/index.php\/wp-json\/wp\/v2\/pages\/7667\/revisions"}],"up":[{"embeddable":true,"href":"https:\/\/blog.skolo.org\/CM\/index.php\/wp-json\/wp\/v2\/pages\/6500"}],"wp:attachment":[{"href":"https:\/\/blog.skolo.org\/CM\/index.php\/wp-json\/wp\/v2\/media?parent=7667"}],"curies":[{"name":"wp","href":"https:\/\/api.w.org\/{rel}","templated":true}]}}