{"id":6618,"date":"2017-02-14T18:19:41","date_gmt":"2017-02-14T17:19:41","guid":{"rendered":"http:\/\/www.skolo.org\/CM\/?page_id=6618\/"},"modified":"2021-08-25T18:52:04","modified_gmt":"2021-08-25T17:52:04","slug":"le-pacte-dexcellence","status":"publish","type":"page","link":"https:\/\/blog.skolo.org\/CM\/index.php\/dossiers\/le-pacte-dexcellence\/","title":{"rendered":"Le \u00ab Pacte d&#8217;Excellence \u00bb"},"content":{"rendered":"<p>[vc_row][vc_column width=&#8221;2\/3&#8243;][vc_column_text]A son arriv\u00e9e au minist\u00e8re de l&#8217;Education, en 2014, Jo\u00eblle Milquet a lanc\u00e9 l&#8217;initiative d&#8217;un\u00a0 \u00a0 \u00ab Pacte pour un Enseignement d&#8217;excellence \u00bb. D\u00e8s le d\u00e9but, l&#8217;Aped a fait part de son sentiment mitig\u00e9 par rapport aux projets de la ministre. Si nous soutenions la volont\u00e9 de s&#8217;attaquer aux in\u00e9galit\u00e9s sociales dans notre enseignement, nous regrettions vivement une vision de \u00ab l&#8217;excellence\u00bb par trop clairement inspir\u00e9e des th\u00e8ses du bureau d&#8217;\u00e9tude McKinsey. La suite des travaux, dans lesquels les syndicats, les associations de parents et diverses organisations ont investi beaucoup d&#8217;\u00e9nergie, a malheureusement prouv\u00e9 que le Pacte n&#8217;est pas parvenu \u00e0 \u00e9chapper \u00e0 cette contradiction&#8230;[\/vc_column_text][td_block_11 custom_title=&#8221;Nos analyses du Pacte&#8221; post_ids=&#8221;15851,11024,10780,10757,9903,9824,9661,8921,7628,7631,7637,7626,7639,7643,7646,6661,6645,6632,6626,2575,2569,2484,2477,2373,10916&#8243; limit=&#8221;25&#8243; tdc_css=&#8221;&#8221; separator=&#8221;&#8221;][\/vc_column][vc_column width=&#8221;1\/3&#8243;][td_block_text_with_title custom_title=&#8221;Documents relatifs au Pacte&#8221;]<\/p>\n<ul>\n<li>Le <a href=\"http:\/\/www.pactedexcellence.be\/\">site officiel<\/a> du Pacte d&#8217;Excellence<\/li>\n<li>L&#8217;\u00e9tat actuel des discussions : projet d&#8217;<a href=\"http:\/\/www.pactedexcellence.be\/wp-content\/uploads\/2017\/05\/PACTE-Avis3_versionfinale.pdf\">avis n\u00b03<\/a> et synth\u00e8se<\/li>\n<li><a href=\"http:\/\/www.pactedexcellence.be\/wp-content\/uploads\/2017\/04\/Groupe-central-du-Pacte-AVISN2-final.pdf\">Avis N\u00b02<\/a> du Groupe Central<\/li>\n<li>Synth\u00e8se des <a href=\"http:\/\/www.pactedexcellence.be\/wp-content\/uploads\/2017\/04\/synthese-phase-1-avis-groupe-central.pdf\">travaux de la 1ere phase du Pacte<\/a> \u2013 avis n\u00b01 du Groupe central<\/li>\n<li>Rapport du Groupe de travail 1: \u00ab <a href=\"http:\/\/www.pactedexcellence.be\/wp-content\/uploads\/2017\/04\/rapportGT1-VF.pdf\">Etat des lieux<\/a> \u00bb<\/li>\n<li>Rapport du Groupe de travail 2: \u00ab <a href=\"http:\/\/www.pactedexcellence.be\/wp-content\/uploads\/2017\/04\/rapportGT2-VF.pdf\">Sens, valeurs, objectifs et missions de l\u2019\u00e9cole du 21\u00e8 si\u00e8cle<\/a> \u00bb<\/li>\n<li>Le <a href=\"http:\/\/www.pactedexcellence.be\/wp-content\/uploads\/2017\/04\/Rapport-final-FWB.pdf\">rapport du bureau de consultance Mc Kinsey<\/a><\/li>\n<li>Le d\u00e9cret <a href=\"https:\/\/www.gallilex.cfwb.be\/document\/pdf\/45594_002.pdf\">&#8220;plans<\/a> de pilotage&#8221; du 13 septembre 2018<\/li>\n<li>Le d\u00e9cret sp\u00e9cial <a href=\"http:\/\/archive.pfwb.be\/1000000020b108d\">scission<\/a> du pouvoir organisateur &#8211; pouvoir r\u00e9gulateur du 31 janvier 2019<\/li>\n<\/ul>\n<p>[\/td_block_text_with_title][td_block_7 custom_title=&#8221;A lire \u00e9galement&#8221; post_ids=&#8221;7628,7631,7637,7639,7646,7643,6661,6654,4876,2583,2575&#8243; limit=&#8221;15&#8243;][td_block_7 custom_title=&#8221;Tribunes&#8221; post_ids=&#8221;7658,6632,7657&#8243;][\/vc_column][\/vc_row]<\/p>\n","protected":false},"excerpt":{"rendered":"<p>[vc_row][vc_column width=&#8221;2\/3&#8243;][vc_column_text]A son arriv\u00e9e au minist\u00e8re de l&#8217;Education, en 2014, Jo\u00eblle Milquet a lanc\u00e9 l&#8217;initiative d&#8217;un\u00a0 \u00a0 \u00ab Pacte pour un Enseignement d&#8217;excellence \u00bb. D\u00e8s le d\u00e9but, l&#8217;Aped a fait part de son sentiment mitig\u00e9 par rapport aux projets de la ministre. Si nous soutenions la volont\u00e9 de s&#8217;attaquer aux in\u00e9galit\u00e9s sociales dans notre enseignement, [&hellip;]<\/p>\n","protected":false},"author":4,"featured_media":0,"parent":6500,"menu_order":2,"comment_status":"closed","ping_status":"closed","template":"page-pagebuilder-title.php","meta":{"footnotes":""},"class_list":["post-6618","page","type-page","status-publish","hentry"],"_links":{"self":[{"href":"https:\/\/blog.skolo.org\/CM\/index.php\/wp-json\/wp\/v2\/pages\/6618","targetHints":{"allow":["GET"]}}],"collection":[{"href":"https:\/\/blog.skolo.org\/CM\/index.php\/wp-json\/wp\/v2\/pages"}],"about":[{"href":"https:\/\/blog.skolo.org\/CM\/index.php\/wp-json\/wp\/v2\/types\/page"}],"author":[{"embeddable":true,"href":"https:\/\/blog.skolo.org\/CM\/index.php\/wp-json\/wp\/v2\/users\/4"}],"replies":[{"embeddable":true,"href":"https:\/\/blog.skolo.org\/CM\/index.php\/wp-json\/wp\/v2\/comments?post=6618"}],"version-history":[{"count":0,"href":"https:\/\/blog.skolo.org\/CM\/index.php\/wp-json\/wp\/v2\/pages\/6618\/revisions"}],"up":[{"embeddable":true,"href":"https:\/\/blog.skolo.org\/CM\/index.php\/wp-json\/wp\/v2\/pages\/6500"}],"wp:attachment":[{"href":"https:\/\/blog.skolo.org\/CM\/index.php\/wp-json\/wp\/v2\/media?parent=6618"}],"curies":[{"name":"wp","href":"https:\/\/api.w.org\/{rel}","templated":true}]}}