{"id":4965,"date":"2017-01-02T19:20:29","date_gmt":"2017-01-02T18:20:29","guid":{"rendered":"http:\/\/www.skolo.org\/CM\/?page_id=4965\/"},"modified":"2023-01-12T09:54:32","modified_gmt":"2023-01-12T08:54:32","slug":"approche-par-competences","status":"publish","type":"page","link":"https:\/\/blog.skolo.org\/CM\/index.php\/dossiers\/approche-par-competences\/","title":{"rendered":"Approche par comp\u00e9tences"},"content":{"rendered":"<p>[vc_row][vc_column width=&#8221;2\/3&#8243;][vc_column_text]\u00ab Approche par comp\u00e9tences \u00bb, \u00ab \u00e9valuation par comp\u00e9tences \u00bb, \u00ab comp\u00e9tences de base \u00bb, \u00abcomp\u00e9tences transversales \u00bb, \u00absocles de comp\u00e9tences \u00bb, \u00ab comp\u00e9tences terminales \u00bb&#8230; Le concept de \u00abcomp\u00e9tences\u00bb est devenu incontournable dans les \u00e9crits sur l\u2019enseignement. Son succ\u00e8s est plan\u00e9taire. Apr\u00e8s les Etats-Unis, le Qu\u00e9bec, la Suisse, la France, la Communaut\u00e9 fran\u00e7aise de Belgique et les Pays-Bas, \u00ab l\u2019obsession des comp\u00e9tences \u00bb [Boutin et Julien, 2000], cette nouvelle \u00abpens\u00e9e p\u00e9dagogique unique\u00bb [Tilmant 2005], a conquis la Belgique. Mais sous le couvert d\u2019un discours parfois g\u00e9n\u00e9reux et moderniste pourrait bien se cacher une op\u00e9ration de mise au pas de l\u2019enseignement : sa soumission aux besoins d\u2019une \u00e9conomie capitaliste en crise.[\/vc_column_text][td_block_7 custom_title=&#8221;Le dossier&#8221; post_ids=&#8221;1365, 1362,1360,1358,1356&#8243; limit=&#8221;8&#8243;][td_block_7 custom_title=&#8221;Autres articles&#8221; post_ids=&#8221;95,20069,1401,2426,1683,1737,2016,2085,410&#8243; limit=&#8221;8&#8243; tdc_css=&#8221;&#8221;][td_block_text_with_title custom_title=&#8221;Vid\u00e9os&#8221;]Trois vid\u00e9os sur le sujet:<\/p>\n<p>La premi\u00e8re, <strong><em>&#8220;L&#8217;\u00e9cole des comp\u00e9tences contre la citoyennet\u00e9 critique&#8221;<\/em><\/strong> (35 min.), est une intervention de Nico Hirtt \u00e0 la journ\u00e9e Jean Zay organis\u00e9e par le Grand Orient de France le 31 mai 2017.<\/p>\n<p>La seconde, <strong><em>&#8220;L&#8217;\u00e9cole de la comp\u00e9tence ou le m\u00e9pris du savoir&#8221; <\/em><\/strong>(65 min.), est une visio-conf\u00e9rence de Nico Hirtt pour des \u00e9tudiants en Master 2 de l&#8217;Universit\u00e9 Paris Cergy.<\/p>\n<p>La troisi\u00e8me, <em><strong>&#8220;Les politiques \u00e9ducatives et la crise du capitalisme mondial&#8221; <\/strong><\/em>(2h30), est une conf\u00e9rence de Nico Hirtt organis\u00e9e par la CGT \u00e0 Toulouse le 24 janvier 2018.[\/td_block_text_with_title][vc_video link=&#8221;https:\/\/www.youtube.com\/watch?v=lFR9TQGhLo4&#8243;][vc_video link=&#8221;https:\/\/www.youtube.com\/watch?v=2bp5cYD1gsU&#8221;][vc_video link=&#8221;https:\/\/www.youtube.com\/watch?v=g-DsvZo0o9E&#8221;][td_block_text_with_title custom_title=&#8221;Liens externes&#8221; separator=&#8221;&#8221;]<\/p>\n<ul>\n<li><a href=\"https:\/\/rfp.revues.org\/143\" target=\"_blank\" rel=\"noopener\">Dangers, incertitudes et incompl\u00e9tude de la logique de la comp\u00e9tence en \u00e9ducation<\/a><\/li>\n<li><a href=\"http:\/\/www.lemonde.fr\/idees\/article\/2011\/09\/02\/contre-l-ideologie-de-la-competence-l-education-doit-apprendre-a-penser_1566841_3232.html\" target=\"_blank\" rel=\"noopener\">Contre l&#8217;id\u00e9ologie de la comp\u00e9tence, l&#8217;\u00e9ducation doit apprendre \u00e0 penser, Philippe Meirieu<\/a><\/li>\n<li><a href=\"http:\/\/www.cafepedagogique.net\/lemensuel\/lenseignant\/primaire\/elementaire\/Pages\/2009\/103ElemRey.aspx\" target=\"_blank\" rel=\"noopener\">Bernard Rey : &#8220;les comp\u00e9tences, oui, mais&#8230;&#8221;<\/a><\/li>\n<li><a href=\"http:\/\/ife.ens-lyon.fr\/vst\/DA\/detailsDossier.php?parent=accueil&amp;dossier=103&amp;lang=fr\" target=\"_blank\" rel=\"noopener\">Dossier de veille de l&#8217;IF\u00c9 :Le d\u00e9veloppement de comp\u00e9tences en milieu professionnel<\/a><\/li>\n<\/ul>\n<p>[\/td_block_text_with_title][\/vc_column][vc_column width=&#8221;1\/3&#8243;][td_block_7 custom_title=&#8221;TRIBUNES&#8221; post_ids=&#8221;1699,1542,2563,1914,1809,623,1691&#8243;][td_block_24 custom_title=&#8221;A LIRE&#8221; post_ids=&#8221;2547&#8243;][td_block_7 custom_title=&#8221;DIVERS&#8221; post_ids=&#8221;1479,2506&#8243;][td_block_9 custom_title=&#8221;Ce qu&#8217;en dit le programme de l&#8217;Aped&#8221; post_ids=&#8221;609,610&#8243;][\/vc_column][\/vc_row]<\/p>\n","protected":false},"excerpt":{"rendered":"<p>[vc_row][vc_column width=&#8221;2\/3&#8243;][vc_column_text]\u00ab Approche par comp\u00e9tences \u00bb, \u00ab \u00e9valuation par comp\u00e9tences \u00bb, \u00ab comp\u00e9tences de base \u00bb, \u00abcomp\u00e9tences transversales \u00bb, \u00absocles de comp\u00e9tences \u00bb, \u00ab comp\u00e9tences terminales \u00bb&#8230; Le concept de \u00abcomp\u00e9tences\u00bb est devenu incontournable dans les \u00e9crits sur l\u2019enseignement. Son succ\u00e8s est plan\u00e9taire. Apr\u00e8s les Etats-Unis, le Qu\u00e9bec, la Suisse, la France, la Communaut\u00e9 fran\u00e7aise [&hellip;]<\/p>\n","protected":false},"author":1,"featured_media":0,"parent":6500,"menu_order":2,"comment_status":"closed","ping_status":"closed","template":"page-pagebuilder-title.php","meta":{"footnotes":""},"class_list":["post-4965","page","type-page","status-publish","hentry"],"_links":{"self":[{"href":"https:\/\/blog.skolo.org\/CM\/index.php\/wp-json\/wp\/v2\/pages\/4965","targetHints":{"allow":["GET"]}}],"collection":[{"href":"https:\/\/blog.skolo.org\/CM\/index.php\/wp-json\/wp\/v2\/pages"}],"about":[{"href":"https:\/\/blog.skolo.org\/CM\/index.php\/wp-json\/wp\/v2\/types\/page"}],"author":[{"embeddable":true,"href":"https:\/\/blog.skolo.org\/CM\/index.php\/wp-json\/wp\/v2\/users\/1"}],"replies":[{"embeddable":true,"href":"https:\/\/blog.skolo.org\/CM\/index.php\/wp-json\/wp\/v2\/comments?post=4965"}],"version-history":[{"count":0,"href":"https:\/\/blog.skolo.org\/CM\/index.php\/wp-json\/wp\/v2\/pages\/4965\/revisions"}],"up":[{"embeddable":true,"href":"https:\/\/blog.skolo.org\/CM\/index.php\/wp-json\/wp\/v2\/pages\/6500"}],"wp:attachment":[{"href":"https:\/\/blog.skolo.org\/CM\/index.php\/wp-json\/wp\/v2\/media?parent=4965"}],"curies":[{"name":"wp","href":"https:\/\/api.w.org\/{rel}","templated":true}]}}