{"id":23013,"date":"2024-03-05T16:37:11","date_gmt":"2024-03-05T15:37:11","guid":{"rendered":"https:\/\/www.skolo.org\/?page_id=23013"},"modified":"2026-01-13T08:48:23","modified_gmt":"2026-01-13T07:48:23","slug":"que-fait-le-niveau","status":"publish","type":"page","link":"https:\/\/blog.skolo.org\/CM\/index.php\/dossiers\/que-fait-le-niveau\/","title":{"rendered":"Que fait le niveau ?"},"content":{"rendered":"<p>[vc_row][vc_column width=&#8221;2\/3&#8243;][vc_column_text css=&#8221;&#8221;]Le 17 octobre 2023, la presse d\u00e9voilait les premiers r\u00e9sultats de notre grande enqu\u00eate sur le ressenti des enseignants concernant l\u2019\u00e9volution du \u00ab <strong>niveau de l\u2019enseignement en Belgique<\/strong> \u00bb. Derri\u00e8re ce titre \u2014 volontairement un peu r\u00e9ducteur et provocateur \u2014 se d\u00e9voile une \u00e9tude d\u2019une grande richesse.\u00a0 Un bon millier d\u2019enseignants francophones et n\u00e9erlandophones nous ont livr\u00e9 leur avis, non seulement sur la qualit\u00e9 g\u00e9n\u00e9rale de notre syst\u00e8me \u00e9ducatif, mais surtout sur les causes de ce qu\u2019il faut bien appeler une baisse de niveau g\u00e9n\u00e9ralis\u00e9e : la taille des classes et la surcharge de travail, la concentration des probl\u00e8mes, l\u2019\u00e9volution des r\u00e9f\u00e9rentiels et programmes, certaines \u00e9volutions soci\u00e9tales\u2026\u00a0Vous pouvez t\u00e9l\u00e9charger le <strong><a href=\"https:\/\/blog.skolo.org\/CM\/content\/uploads\/2023\/10\/APED-Le-niveau-baisse.pdf\">rapport complet<\/a><\/strong> (150 pages) de notre enqu\u00eate.<\/p>\n<p>En septembre 2024 paraissait le num\u00e9ro 99 de notre revue, dans lequel nous compl\u00e9tions les t\u00e9moignages des enseignants par nos propres analyses.<\/p>\n<p>D\u00e9couvrez ci-dessous les articles qui synth\u00e9tisent les principales conclusions de notre enqu\u00eate et de nos analyses.[\/vc_column_text][\/vc_column][vc_column width=&#8221;1\/3&#8243;][td_block_7 custom_title=&#8221;Que dit PISA de l&#8217;\u00e9volution du niveau ?&#8221; post_ids=&#8221;22489, 22467, 25688&#8243;][\/vc_column][\/vc_row][vc_row][vc_column width=&#8221;2\/3&#8243;][td_block_4 custom_title=&#8221;Les principaux articles relatifs \u00e0 notre enqu\u00eate &#8220;niveau&#8220;&#8221; post_ids=&#8221;22274, 24501, 24580, 24601, 24611, 23020, 23034, 23049, 23040, 23330, 23043&#8243; limit=&#8221;&#8221;][\/vc_column][vc_column width=&#8221;1\/3&#8243;][td_block_7 custom_title=&#8221;A lire \u00e9galement&#8221; post_ids=&#8221;23193, 20073, 20322&#8243;][\/vc_column][\/vc_row]<\/p>\n","protected":false},"excerpt":{"rendered":"<p>[vc_row][vc_column width=&#8221;2\/3&#8243;][vc_column_text css=&#8221;&#8221;]Le 17 octobre 2023, la presse d\u00e9voilait les premiers r\u00e9sultats de notre grande enqu\u00eate sur le ressenti des enseignants concernant l\u2019\u00e9volution du \u00ab niveau de l\u2019enseignement en Belgique \u00bb. Derri\u00e8re ce titre \u2014 volontairement un peu r\u00e9ducteur et provocateur \u2014 se d\u00e9voile une \u00e9tude d\u2019une grande richesse.\u00a0 Un bon millier d\u2019enseignants francophones et [&hellip;]<\/p>\n","protected":false},"author":6413,"featured_media":0,"parent":6500,"menu_order":1,"comment_status":"closed","ping_status":"closed","template":"","meta":{"footnotes":""},"class_list":["post-23013","page","type-page","status-publish","hentry"],"_links":{"self":[{"href":"https:\/\/blog.skolo.org\/CM\/index.php\/wp-json\/wp\/v2\/pages\/23013","targetHints":{"allow":["GET"]}}],"collection":[{"href":"https:\/\/blog.skolo.org\/CM\/index.php\/wp-json\/wp\/v2\/pages"}],"about":[{"href":"https:\/\/blog.skolo.org\/CM\/index.php\/wp-json\/wp\/v2\/types\/page"}],"author":[{"embeddable":true,"href":"https:\/\/blog.skolo.org\/CM\/index.php\/wp-json\/wp\/v2\/users\/6413"}],"replies":[{"embeddable":true,"href":"https:\/\/blog.skolo.org\/CM\/index.php\/wp-json\/wp\/v2\/comments?post=23013"}],"version-history":[{"count":0,"href":"https:\/\/blog.skolo.org\/CM\/index.php\/wp-json\/wp\/v2\/pages\/23013\/revisions"}],"up":[{"embeddable":true,"href":"https:\/\/blog.skolo.org\/CM\/index.php\/wp-json\/wp\/v2\/pages\/6500"}],"wp:attachment":[{"href":"https:\/\/blog.skolo.org\/CM\/index.php\/wp-json\/wp\/v2\/media?parent=23013"}],"curies":[{"name":"wp","href":"https:\/\/api.w.org\/{rel}","templated":true}]}}