{"id":18834,"date":"2022-06-27T16:41:41","date_gmt":"2022-06-27T15:41:41","guid":{"rendered":"https:\/\/www.skolo.org\/?page_id=18834"},"modified":"2022-06-27T16:45:15","modified_gmt":"2022-06-27T15:45:15","slug":"paiement-de-votre-abonnement-ou-affiliation","status":"publish","type":"page","link":"https:\/\/blog.skolo.org\/CM\/index.php\/paiement-de-votre-abonnement-ou-affiliation\/","title":{"rendered":"Paiement de votre abonnement ou affiliation"},"content":{"rendered":"<p>Merci d&#8217;avoir souscrit un abonnement \u00e0 l&#8217;Ecole d\u00e9mocratique ou une affiliation \u00e0 l&#8217;Aped. Pour confirmer votre demande, il vous reste \u00e0 r\u00e9gler :<\/p>\n<ul>\n<li>15 \u20ac pour une abonnement ordinaire<\/li>\n<li>16 \u20ac minimum pour une affiliation<\/li>\n<li>30 \u20ac pour un abonnement institutionnel<\/li>\n<\/ul>\n<p>Faites-le sans tarder en utilisant le <a href=\"https:\/\/www.saferpay.com\/SecurePayGate\/MultiUsePayment\/324230\/17743741\/96430bd2-76f1-4dfd-b8cf-64125f65241c\">lien de paiement en ligne<\/a> (cartes de cr\u00e9dit, Bancontact, ApplePay ou GooglePay) ou en scannant le QR-code ci-dessous avec votre smartphone :<\/p>\n<p><a href=\"https:\/\/www.saferpay.com\/SecurePayGate\/MultiUsePayment\/324230\/17743741\/96430bd2-76f1-4dfd-b8cf-64125f65241c\"><img loading=\"lazy\" decoding=\"async\" class=\"wp-image-18836 aligncenter\" src=\"https:\/\/blog.skolo.org\/CM\/content\/uploads\/2022\/06\/qr-1024x1024.png\" alt=\"\" width=\"185\" height=\"185\" srcset=\"https:\/\/blog.skolo.org\/CM\/wp-content\/uploads\/2022\/06\/qr-1024x1024.png 1024w, https:\/\/blog.skolo.org\/CM\/wp-content\/uploads\/2022\/06\/qr-300x300.png 300w, https:\/\/blog.skolo.org\/CM\/wp-content\/uploads\/2022\/06\/qr-150x150.png 150w, https:\/\/blog.skolo.org\/CM\/wp-content\/uploads\/2022\/06\/qr-768x768.png 768w, https:\/\/blog.skolo.org\/CM\/wp-content\/uploads\/2022\/06\/qr-696x696.png 696w, https:\/\/blog.skolo.org\/CM\/wp-content\/uploads\/2022\/06\/qr-1068x1068.png 1068w, https:\/\/blog.skolo.org\/CM\/wp-content\/uploads\/2022\/06\/qr-420x420.png 420w, https:\/\/blog.skolo.org\/CM\/wp-content\/uploads\/2022\/06\/qr-24x24.png 24w, https:\/\/blog.skolo.org\/CM\/wp-content\/uploads\/2022\/06\/qr-48x48.png 48w, https:\/\/blog.skolo.org\/CM\/wp-content\/uploads\/2022\/06\/qr-96x96.png 96w, https:\/\/blog.skolo.org\/CM\/wp-content\/uploads\/2022\/06\/qr.png 1230w\" sizes=\"auto, (max-width: 185px) 100vw, 185px\" \/><\/a><\/p>\n","protected":false},"excerpt":{"rendered":"<p>Merci d&#8217;avoir souscrit un abonnement \u00e0 l&#8217;Ecole d\u00e9mocratique ou une affiliation \u00e0 l&#8217;Aped. Pour confirmer votre demande, il vous reste \u00e0 r\u00e9gler : 15 \u20ac pour une abonnement ordinaire 16 \u20ac minimum pour une affiliation 30 \u20ac pour un abonnement institutionnel Faites-le sans tarder en utilisant le lien de paiement en ligne (cartes de cr\u00e9dit, [&hellip;]<\/p>\n","protected":false},"author":6661,"featured_media":0,"parent":0,"menu_order":0,"comment_status":"closed","ping_status":"closed","template":"","meta":{"footnotes":""},"class_list":["post-18834","page","type-page","status-publish","hentry"],"_links":{"self":[{"href":"https:\/\/blog.skolo.org\/CM\/index.php\/wp-json\/wp\/v2\/pages\/18834","targetHints":{"allow":["GET"]}}],"collection":[{"href":"https:\/\/blog.skolo.org\/CM\/index.php\/wp-json\/wp\/v2\/pages"}],"about":[{"href":"https:\/\/blog.skolo.org\/CM\/index.php\/wp-json\/wp\/v2\/types\/page"}],"author":[{"embeddable":true,"href":"https:\/\/blog.skolo.org\/CM\/index.php\/wp-json\/wp\/v2\/users\/6661"}],"replies":[{"embeddable":true,"href":"https:\/\/blog.skolo.org\/CM\/index.php\/wp-json\/wp\/v2\/comments?post=18834"}],"version-history":[{"count":0,"href":"https:\/\/blog.skolo.org\/CM\/index.php\/wp-json\/wp\/v2\/pages\/18834\/revisions"}],"wp:attachment":[{"href":"https:\/\/blog.skolo.org\/CM\/index.php\/wp-json\/wp\/v2\/media?parent=18834"}],"curies":[{"name":"wp","href":"https:\/\/api.w.org\/{rel}","templated":true}]}}