{"id":12951,"date":"2020-02-26T08:07:33","date_gmt":"2020-02-26T07:07:33","guid":{"rendered":"http:\/\/www.skolo.org\/?page_id=12951"},"modified":"2021-04-03T17:18:35","modified_gmt":"2021-04-03T16:18:35","slug":"campagne-2020-de-laped","status":"publish","type":"page","link":"https:\/\/blog.skolo.org\/CM\/index.php\/campagne-2020-de-laped\/","title":{"rendered":"Campagne de l&#8217;Aped : p\u00e9tition et m\u00e9morandum"},"content":{"rendered":"<p>[vc_row][vc_column width=&#8221;2\/3&#8243;][td_block_text_with_title]<strong><a href=\"http:\/\/www.skolo.org\/CM\/wp-content\/uploads\/2020\/02\/ambition-1.jpeg\"><img loading=\"lazy\" decoding=\"async\" class=\"wp-image-12889 alignleft\" src=\"http:\/\/www.skolo.org\/CM\/wp-content\/uploads\/2020\/02\/ambition-1.jpeg\" alt=\"\" width=\"346\" height=\"272\" \/><\/a><\/strong><strong>Au moyen d&#8217;une <a href=\"https:\/\/wp.me\/p89Zny-3kH\">p\u00e9tition<\/a> et d&#8217;un <a href=\"https:\/\/wp.me\/p89Zny-3kJ\">m\u00e9morandum<\/a>\u00a0lanc\u00e9s le 3 mars 2020, l&#8217;Aped veut\u00a0propager, aupr\u00e8s des d\u00e9cideurs politiques, des acteurs de l&#8217;\u00e9ducation et de tous les citoyens une vision progressiste de l&#8217;\u00e9ducation et des conditions de sa mise en oeuvre. <\/strong><\/p>\n<p><strong>Cette campagne est appuy\u00e9e par une <a href=\"https:\/\/wp.me\/p89Zny-3nq\">\u00e9tude scientifique<\/a>, bas\u00e9e sur certaines donn\u00e9es de l&#8217;\u00e9tude PISA. <\/strong><\/p>\n<p><strong>D\u00e8s son lancement, la p\u00e9tition a \u00e9t\u00e9 soutenue par une centaine de <a href=\"https:\/\/wp.me\/p89Zny-3m5\">personnalit\u00e9s<\/a> du monde de l&#8217;\u00e9ducation, francophones et n\u00e9\u00e9rlandophones. A votre tour, lisez-la, signez-la et, surtout, diffusez-la dans vos \u00e9coles, dans vos associations ou syndicats, aupr\u00e8s de vos connaissances et sur les r\u00e9seaux sociaux.<\/strong><\/p>\n<p><a href=\"http:\/\/www.skolo.org\/CM\/wp-content\/uploads\/2020\/03\/Communiqu\u00e9-Aped-3-mars.pdf\">Communiqu\u00e9 de presse du 3 mars<\/a>[\/td_block_text_with_title][td_block_text_with_title custom_title=&#8221;Les principaux points de la p\u00e9tition et du m\u00e9morandum&#8221; tdc_css=&#8221;&#8221;]<em>Voici les points constitutifs de la <strong><a href=\"http:\/\/www.skolo.org\/2020\/02\/19\/petition-ambition-et-equite-pour-leducation\/\">p\u00e9tition<\/a><\/strong> \u00ab\u00a0Ambition et \u00e9quit\u00e9 pour l&#8217;\u00e9ducation \u00bb.\u00a0En cliquant sur un titre vous serez envoy\u00e9 au point correspondant du\u00a0<strong><a href=\"https:\/\/wp.me\/p89Zny-3kJ\">m\u00e9morandum<\/a><\/strong>\u00a0qui accompagne, d\u00e9veloppe et argumente cette p\u00e9tition.<\/em><\/p>\n<hr \/>\n<p><strong><a href=\"https:\/\/wp.me\/p89Zny-3kJ#enjeu\">L\u2019enjeu<\/a><\/strong>. \u00ab\u00a0Nos gouvernants n\u2019ont toujours pas pris la pleine mesure des ambitions \u00e9ducatives qu\u2019imposent les d\u00e9fis sociaux, environnementaux, technologiques et culturels\u2026\u00bb.<\/p>\n<p><b><a href=\"https:\/\/wp.me\/p89Zny-3kJ#contenu\">Comprendre le monde dans toutes ses dimensions<\/a>. <\/b>\u00ab Tous les \u00e9l\u00e8ves doivent b\u00e9n\u00e9ficier \u00e0 la fois d\u2019une solide formation \u201cclassique\u201d et d\u2019une \u00e9ducation polytechnique\u2026\u00bb<\/p>\n<p><b><a href=\"https:\/\/wp.me\/p89Zny-3kJ#petitesclasses\">15 \u00e9l\u00e8ves par classe en d\u00e9but de scolarit\u00e9<\/a>.<\/b> \u00ab Donner aux enseignants le temps de construire un rapport positif au travail et aux savoirs scolaires&#8230;\u00bb<\/p>\n<p><b><a href=\"https:\/\/wp.me\/p89Zny-3kJ#ouverte\">Une \u00e9cole ouverte<\/a>. <\/b>\u00ab&#8230;en dehors des heures de cours (&#8230;), une vari\u00e9t\u00e9 d\u2019activit\u00e9s allant de l\u2019aide aux devoirs jusqu\u2019au sport, au bricolage, au jardinage, \u00e0 la danse ou \u00e0 la culture&#8230;\u00bb<\/p>\n<p><b><a href=\"https:\/\/wp.me\/p89Zny-3kJ#segregations\">En finir avec les s\u00e9gr\u00e9gations<\/a>.<\/b> \u00ab Proposer aux parents une place garantie dans un \u00e9tablissement, en veillant \u00e0 la proximit\u00e9 et \u00e0 la mixit\u00e9 sociale&#8230;\u00bb.<\/p>\n<p><b><a href=\"https:\/\/wp.me\/p89Zny-3kJ#tronccommun\">Vers un tronc commun structurel jusqu&#8217;\u00e0 15 ans<\/a>.<\/b> \u00ab Cela supposera de s\u00e9parer structurellement le secondaire inf\u00e9rieur des ann\u00e9es de sp\u00e9cialisation&#8230;\u00bb.<\/p>\n<p><b><a href=\"https:\/\/wp.me\/p89Zny-3kJ#enseignants\">Laisser les enseignants enseigner<\/a>. <\/b>\u00ab Ils n\u2019ont pas besoin qu\u2019on leur impose l\u2019usage de technologies \u00e0 la mode (ou) qu\u2019on les enferme dans des contrats d\u2019objectifs\u00bb.<\/p>\n<p><b><a href=\"https:\/\/wp.me\/p89Zny-3kJ#financement\">Un financement suffisant et juste<\/a>. \u00ab <\/b>Les enjeux l\u2019exigent. (&#8230;) Chaque enfant doit b\u00e9n\u00e9ficier d\u2019une \u00e9ducation de m\u00eame qualit\u00e9, dans les m\u00eames conditions.\u00bb<\/p>\n<hr \/>\n<p><strong>Pour poursuivre :<\/strong><\/p>\n<ul>\n<li>Lire le texte complet de la <a href=\"http:\/\/www.skolo.org\/2020\/02\/19\/petition-ambition-et-equite-pour-leducation\/\"><strong>p\u00e9tition<\/strong><\/a> avant de la signer.<\/li>\n<li>Lire le <strong><a href=\"https:\/\/wp.me\/p89Zny-3kJ\">m\u00e9morandum<\/a><\/strong> qui d\u00e9veloppe et argumente la p\u00e9tition<\/li>\n<li>T\u00e9l\u00e9charger la\u00a0<strong><a href=\"http:\/\/www.skolo.org\/CM\/wp-content\/uploads\/2020\/02\/p\u00e9tition-papier.pdf\">p\u00e9tition &#8220;papier&#8221; au format PDF<\/a><\/strong> imprimable<\/li>\n<li>Consulter la <a href=\"http:\/\/www.skolo.org\/2020\/02\/19\/premiers-signataires-de-la-petition-ambition-et-equite-pour-leducation\/\"><strong>liste des personnalit\u00e9s<\/strong><\/a> qui soutiennent la p\u00e9tition<\/li>\n<\/ul>\n<p>[\/td_block_text_with_title][td_block_text_with_title custom_title=&#8221;Signez !&#8221;]<\/p>\n<h3><a id=\"formulaire\"><\/a>Signez la p\u00e9tition !<\/h3>\n<p><iframe style=\"width: 100%; border: none;\" title=\"P\u00e9tition : \u00ab Ambition et \u00e9quit\u00e9 pour l\u2019\u00e9ducation\u00a0\u00bb\" src=\"http:\/\/www.skolo.org\/MachForm\/embed.php?id=29201\" height=\"1272\" frameborder=\"0\" scrolling=\"no\"><a href=\"http:\/\/www.skolo.org\/MachForm\/view.php?id=29201\" title=\"P\u00e9tition : \u00ab Ambition et \u00e9quit\u00e9 pour l\u2019\u00e9ducation\u00a0\u00bb\">P\u00e9tition : \u00ab Ambition et \u00e9quit\u00e9 pour l\u2019\u00e9ducation\u00a0\u00bb<\/a><\/iframe>[\/td_block_text_with_title][\/vc_column][vc_column width=&#8221;1\/3&#8243;][td_block_14 post_ids=&#8221;12815 ,12817, 12984 ,12901&#8243;][td_block_slide autoplay=&#8221;2&#8243; post_ids=&#8221;12570, 12266,12213,11606,11570,11487,11478,10780,10742,10491,10096,9935,9903,9866,9824,9795,9677,9661,9533,9158,8939,8403,8090,7626,4917,2643,12815 ,12817, 12984 ,12901&#8243; limit=&#8221;40&#8243; image_size=&#8221;td_324x400&#8243;][\/vc_column][\/vc_row]<\/p>\n","protected":false},"excerpt":{"rendered":"<p>[vc_row][vc_column width=&#8221;2\/3&#8243;][td_block_text_with_title]Au moyen d&#8217;une p\u00e9tition et d&#8217;un m\u00e9morandum\u00a0lanc\u00e9s le 3 mars 2020, l&#8217;Aped veut\u00a0propager, aupr\u00e8s des d\u00e9cideurs politiques, des acteurs de l&#8217;\u00e9ducation et de tous les citoyens une vision progressiste de l&#8217;\u00e9ducation et des conditions de sa mise en oeuvre. Cette campagne est appuy\u00e9e par une \u00e9tude scientifique, bas\u00e9e sur certaines donn\u00e9es de l&#8217;\u00e9tude PISA. [&hellip;]<\/p>\n","protected":false},"author":4,"featured_media":12889,"parent":0,"menu_order":0,"comment_status":"closed","ping_status":"closed","template":"page-pagebuilder-title.php","meta":{"footnotes":""},"class_list":["post-12951","page","type-page","status-publish","has-post-thumbnail","hentry"],"_links":{"self":[{"href":"https:\/\/blog.skolo.org\/CM\/index.php\/wp-json\/wp\/v2\/pages\/12951","targetHints":{"allow":["GET"]}}],"collection":[{"href":"https:\/\/blog.skolo.org\/CM\/index.php\/wp-json\/wp\/v2\/pages"}],"about":[{"href":"https:\/\/blog.skolo.org\/CM\/index.php\/wp-json\/wp\/v2\/types\/page"}],"author":[{"embeddable":true,"href":"https:\/\/blog.skolo.org\/CM\/index.php\/wp-json\/wp\/v2\/users\/4"}],"replies":[{"embeddable":true,"href":"https:\/\/blog.skolo.org\/CM\/index.php\/wp-json\/wp\/v2\/comments?post=12951"}],"version-history":[{"count":0,"href":"https:\/\/blog.skolo.org\/CM\/index.php\/wp-json\/wp\/v2\/pages\/12951\/revisions"}],"wp:featuredmedia":[{"embeddable":true,"href":"https:\/\/blog.skolo.org\/CM\/index.php\/wp-json\/wp\/v2\/media\/12889"}],"wp:attachment":[{"href":"https:\/\/blog.skolo.org\/CM\/index.php\/wp-json\/wp\/v2\/media?parent=12951"}],"curies":[{"name":"wp","href":"https:\/\/api.w.org\/{rel}","templated":true}]}}